{"id":74,"date":"2017-11-19T20:43:02","date_gmt":"2017-11-19T19:43:02","guid":{"rendered":"http:\/\/inkin-project.com\/?page_id=74"},"modified":"2022-08-14T19:18:29","modified_gmt":"2022-08-14T17:18:29","slug":"sources","status":"publish","type":"page","link":"https:\/\/inkin-project.com\/index.php\/fr\/sources\/","title":{"rendered":"Sources"},"content":{"rendered":"\n<p>Mon \u00e9tude se base sur plusieurs axes. Premi\u00e8rement, l\u2019observation d\u2019inkin anciens, vus \u00e0 travers des collections priv\u00e9es et publiques&nbsp;; de nombreux entretiens avec des restaurateurs eux-m\u00eames impliqu\u00e9s dans des projets de reconstitution, et des collectionneurs et conservateurs responsables de collections d\u2019inkin&nbsp;; les ressources bibliographiques&nbsp;; mes propres exp\u00e9riences de reconstitution.<\/p>\n\n\n\n<p>Les ressources bibliographiques concernant les tissus inkin ne sont pas nombreuses. L\u2019\u00e9tude la plus \u00e9tendue publi\u00e9e \u00e0 notre connaissance est celle qui figure dans le <em>Meibutsugire jiten<\/em> de Suzuki H., dont le principal du contenu avait \u00e9t\u00e9 publi\u00e9 dans <em>Senshoku to seikatsu<\/em> n\u00b012. En dehors de cela, de nombreux ouvrages, tr\u00e8s souvent des catalogues de tissus fameux ou d\u2019objets relatifs \u00e0 la c\u00e9r\u00e9monie du Th\u00e9, font mention des inkin, en donnent des d\u00e9finitions tr\u00e8s proches, voire identiques, et citent quelques \u0153uvres c\u00e9l\u00e8bres. Mais le tout occupe rarement plus d\u2019un paragraphe.<\/p>\n\n\n\n<p>La liste ci-dessous n\u2019est pas exhaustive et demande \u00e0 \u00eatre compl\u00e9t\u00e9e.<\/p>\n\n\n\n<p><em>Les deux ouvrages de Suzuki comportent une bibliographie renvoyant \u00e0 des catalogues de Th\u00e9 dat\u00e9s de la fin d\u2019Edo \u00e0 Meiji, faisant mention des inkin.<\/em><\/p>\n\n\n\n<p><em>Ayame no Hana<\/em>, Kyoto, 1926.<\/p>\n\n\n\n<p><em>Heibonsha daihyakka jiten (Grande encyclop\u00e9die Heibonsha)<\/em>, Hitachi Digital Heibonsha,Tokyo, 1998.<\/p>\n\n\n\n<p><em>Histoire g\u00e9n\u00e9rale de la soie chinoise<\/em> (en chinois), Presses universitaires de Suzhou, Suzhou, 2005.<\/p>\n\n\n\n<p><em>Genshoku sad\u00f4 daijiten (Grand dictionnaire de la c\u00e9r\u00e9monie du Th\u00e9 Genshoku)<\/em>, Tank\u00f4sha, Kyoto, 1984.<\/p>\n\n\n\n<p>NISHIMURA Hyobu, <em>Orimono<\/em>, s\u00e9rie <em>Nihon no bijutsu<\/em>, n\u00b012, Tokyo, 1968.<\/p>\n\n\n\n<p>NISHIMURA Hyobu, <em>Meibutsugire, <\/em>s\u00e9rie Nihon no bijutsu, n\u00b090, Tokyo, 1974.<\/p>\n\n\n\n<p><em>Edo kimono art<\/em>, <em>esthetic in Japanese fashion<\/em>, Joshibi art university, NHK Promotion, Tokyo, 2011.<\/p>\n\n\n\n<p>KITAMURA Tetsur\u00f4, <em>Kogane &#8211; shirogane<\/em>, in <em>Wada Mitsumasa, the fantastic kimono world<\/em>, K\u00f4ei kinsaiy\u00fbzen kenky\u00fbjo, Kyoto, 2010, p.297-301.<\/p>\n\n\n\n<p>KIRIHATA Ken, <em>Meibutsugire<\/em>, Kyoto Shoin\u2019s Library of Japanese textiles, n\u00b019, Kyoto, 1994.<\/p>\n\n\n\n<p><em>Kokuh\u00f4 sh\u00fbri s\u00f4k\u00f4shi renmei, Dai 18 kai teikikenky\u00fbkai h\u00f4kokush\u00fb<\/em>&nbsp;( <em>Association pour la conservation et la restauration des tr\u00e9sors nationaux, rapport de la 18<sup>e<\/sup> r\u00e9union p\u00e9riodique de recherche<\/em>), 2012, p.18-22, sur la <em>ra<\/em>.<\/p>\n\n\n\n<p>MATSUDAIRA Fumai, <em>Kokon meibutsu ruij\u00fb<\/em> , 1791.<\/p>\n\n\n\n<p><em>Meibutsugire<\/em>, Mus\u00e9e Gotoh, Tokyo, 2001.<\/p>\n\n\n\n<p>NAGASAKI Iwao, Histoire de la teinture au pochoir au japon, in <em>Katagami, les pochoirs japonais et le japonisme<\/em>, The Japan Foundation, Tokyo, 2006, pp.8-18.<\/p>\n\n\n\n<p>SUZUKI Hajime, <em>Kodai inkin ( Les inkin anciens)<\/em>, in <em>Inkin, surihaku, kinkarakawa, <\/em>s\u00e9rie<em> Senshoku to seikatsu<\/em> n\u00b012, Kyoto, 1976, pp.10-35.<\/p>\n\n\n\n<p>SUZUKI Hajime, <em>Meibutsugire jiten<\/em>, Suzuki jidaigire kenky\u00fbjo, Kyoto, 2007.<\/p>\n\n\n\n<p><em>TAKA Akanuma, Cha no yu<\/em>, Mus\u00e9e national de Tokyo, Tokyo, 2017.<\/p>\n\n\n\n<p>UDA Kimio, <em>Meibutsugire<\/em>, Tank\u00f4shinsha, Kyoto, 1967.<\/p>\n\n\n\n<p>WATANABE Akiyoshi, OKA K\u00f4z\u00f4, ISHIKAWA Toshio, <i>S\u00f4k\u00f4 shi<\/i> (<i>Histoire du montage des \u0153uvres d\u2019arts graphiques)<\/i>, Association pour la conservation des tr\u00e9sors nationaux, Kyoto, 2011.<\/p>\n\n\n\n<p>YAMAKAWA Aki, <em>Transmitting robes, linking mind, the world of buddhist Kasaya<\/em>, Kyoto national museum, Kyoto, 2010.<\/p>\n\n\n\n<p><strong>Pages net<\/strong><\/p>\n\n\n\n<p><em>Base e-museum&nbsp;<\/em><\/p>\n\n\n\n<p><a href=\"https:\/\/emuseum.nich.go.jp\/detail?langId=en&amp;webView=&amp;content_base_id=100894&amp;content_part_id=0&amp;content_pict_id=0\"><mark style=\"background-color:rgba(0, 0, 0, 0)\" class=\"has-inline-color has-vivid-purple-color\">Kesa de My\u00f4ha, Chine, p\u00e9riode Yuan, Mus\u00e9e national de Tokyo<\/mark><\/a><\/p>\n\n\n\n<p><span style=\"color: #800080;\"><a style=\"color: #800080;\" href=\"https:\/\/emuseum.nich.go.jp\/detail?langId=en&amp;webView=&amp;content_base_id=101135&amp;content_part_id=0&amp;content_pict_id=0\" target=\"_blank\" rel=\"noopener noreferrer\">O-mui, Cor\u00e9e (?), dynastie Goryeo, Mus\u00e9e national de Kyoto<\/a><\/span><\/p>\n\n\n\n<p><em>Mus\u00e9e du Hunan&nbsp;<\/em><\/p>\n\n\n\n<p><span style=\"color: #993366;\"><a style=\"color: #993366;\" href=\"http:\/\/61.187.53.122\/collection.aspx?id=1367&amp;lang=en\"><span style=\"color: #800080;\">http:\/\/61.187.53.122\/collection.aspx?id=1367&amp;lang=e<\/span><\/a><\/span><\/p>\n\n\n\n<p>Page originale en chinois :<\/p>\n\n\n\n<p><span style=\"color: #993366;\"><a style=\"color: #993366;\" href=\"http:\/\/61.187.53.122\/collection.aspx?id=1367&amp;lang=zh-CN\">\u91d1\u94f6\u8272\u706b\u7130\u7eb9\u5370\u82b1\u7eb1- \u6e56\u5357\u7701\u535a\u7269\u9986<\/a><\/span><\/p>\n\n\n\n<p><em>Mus\u00e9e National de la Soie de Hangzhou<\/em><\/p>\n\n\n\n<p><a href=\"http:\/\/www.chinasilkmuseum.com\/zggd\/list_21.aspx\"><span style=\"color: #800080;\">http:\/\/www.chinasilkmuseum.com\/zggd\/list_21.aspx<\/span><\/a><\/p>\n\n\n\n<p><span style=\"color: #800080;\"><a style=\"color: #800080;\" href=\"http:\/\/www.chinasilkmuseum.com\/zggd\/info_21.aspx?itemid=1834\">http:\/\/www.chinasilkmuseum.com\/zggd\/info_21.aspx?itemid=1834<\/a><\/span><\/p>\n\n\n\n<p><span style=\"color: #800080;\"><a style=\"color: #800080;\" href=\"http:\/\/www.chinasilkmuseum.com\/zggd\/info_21.aspx?itemid=2404\">http:\/\/www.chinasilkmuseum.com\/zggd\/info_21.aspx?itemid=2404<\/a><\/span><\/p>\n\n\n\n<p><a href=\"http:\/\/www.chinasilkmuseum.com\/zggd\/info_21.aspx?itemid=2505\"><span style=\"color: #800080;\">http:\/\/www.chinasilkmuseum.com\/zggd\/info_21.aspx?itemid=2505<\/span><\/a><\/p>\n","protected":false},"excerpt":{"rendered":"<p>Mon \u00e9tude se base sur plusieurs axes. Premi\u00e8rement, l\u2019observation d\u2019inkin anciens, vus \u00e0 travers des collections priv\u00e9es et publiques&nbsp;; de nombreux entretiens avec des restaurateurs eux-m\u00eames impliqu\u00e9s dans des projets de reconstitution, et des collectionneurs<a class=\"read-more\" href=\"https:\/\/inkin-project.com\/index.php\/fr\/sources\/\">Lire la suite&#8230;<\/a><\/p>\n","protected":false},"author":1,"featured_media":0,"parent":0,"menu_order":5,"comment_status":"closed","ping_status":"closed","template":"","meta":[],"_links":{"self":[{"href":"https:\/\/inkin-project.com\/index.php\/wp-json\/wp\/v2\/pages\/74"}],"collection":[{"href":"https:\/\/inkin-project.com\/index.php\/wp-json\/wp\/v2\/pages"}],"about":[{"href":"https:\/\/inkin-project.com\/index.php\/wp-json\/wp\/v2\/types\/page"}],"author":[{"embeddable":true,"href":"https:\/\/inkin-project.com\/index.php\/wp-json\/wp\/v2\/users\/1"}],"replies":[{"embeddable":true,"href":"https:\/\/inkin-project.com\/index.php\/wp-json\/wp\/v2\/comments?post=74"}],"version-history":[{"count":13,"href":"https:\/\/inkin-project.com\/index.php\/wp-json\/wp\/v2\/pages\/74\/revisions"}],"predecessor-version":[{"id":958,"href":"https:\/\/inkin-project.com\/index.php\/wp-json\/wp\/v2\/pages\/74\/revisions\/958"}],"wp:attachment":[{"href":"https:\/\/inkin-project.com\/index.php\/wp-json\/wp\/v2\/media?parent=74"}],"curies":[{"name":"wp","href":"https:\/\/api.w.org\/{rel}","templated":true}]}}